{"id":11543,"date":"2026-01-03T23:23:18","date_gmt":"2026-01-03T22:23:18","guid":{"rendered":"https:\/\/jorgepsicologo.com\/jorgetienda\/?post_type=product&#038;p=11543"},"modified":"2026-01-04T00:27:37","modified_gmt":"2026-01-03T23:27:37","slug":"evaluacion","status":"publish","type":"product","link":"https:\/\/jorgepsicologo.com\/jorgetienda\/product\/evaluacion\/","title":{"rendered":"Evaluaci\u00f3n Psicol\u00f3gica e Informe Cl\u00ednico-Legal"},"content":{"rendered":"","protected":false},"excerpt":{"rendered":"<p>Si necesitas entender tu comportamiento, iniciar un proceso terap\u00e9utico con bases s\u00f3lidas o presentar un documento psicol\u00f3gico ante una instituci\u00f3n o instancia legal, este servicio es para ti.<\/p>\n<p>Realizo una evaluaci\u00f3n psicol\u00f3gica integral que permite comprender c\u00f3mo piensas, sientes y act\u00faas en los distintos contextos de tu vida: familia, trabajo, relaciones y entorno social, entreg\u00e1ndote un Informe Psicol\u00f3gico Cl\u00ednico-Legal serio, \u00e9tico y sustentado.<\/p>\n","protected":false},"featured_media":11546,"comment_status":"closed","ping_status":"closed","template":"","meta":[],"product_brand":[],"product_cat":[37],"product_tag":[],"class_list":{"0":"post-11543","1":"product","2":"type-product","3":"status-publish","4":"has-post-thumbnail","6":"product_cat-servicios","8":"first","9":"instock","10":"shipping-taxable","11":"purchasable","12":"product-type-variable"},"_links":{"self":[{"href":"https:\/\/jorgepsicologo.com\/jorgetienda\/wp-json\/wp\/v2\/product\/11543","targetHints":{"allow":["GET"]}}],"collection":[{"href":"https:\/\/jorgepsicologo.com\/jorgetienda\/wp-json\/wp\/v2\/product"}],"about":[{"href":"https:\/\/jorgepsicologo.com\/jorgetienda\/wp-json\/wp\/v2\/types\/product"}],"replies":[{"embeddable":true,"href":"https:\/\/jorgepsicologo.com\/jorgetienda\/wp-json\/wp\/v2\/comments?post=11543"}],"version-history":[{"count":1,"href":"https:\/\/jorgepsicologo.com\/jorgetienda\/wp-json\/wp\/v2\/product\/11543\/revisions"}],"predecessor-version":[{"id":11547,"href":"https:\/\/jorgepsicologo.com\/jorgetienda\/wp-json\/wp\/v2\/product\/11543\/revisions\/11547"}],"wp:featuredmedia":[{"embeddable":true,"href":"https:\/\/jorgepsicologo.com\/jorgetienda\/wp-json\/wp\/v2\/media\/11546"}],"wp:attachment":[{"href":"https:\/\/jorgepsicologo.com\/jorgetienda\/wp-json\/wp\/v2\/media?parent=11543"}],"wp:term":[{"taxonomy":"product_brand","embeddable":true,"href":"https:\/\/jorgepsicologo.com\/jorgetienda\/wp-json\/wp\/v2\/product_brand?post=11543"},{"taxonomy":"product_cat","embeddable":true,"href":"https:\/\/jorgepsicologo.com\/jorgetienda\/wp-json\/wp\/v2\/product_cat?post=11543"},{"taxonomy":"product_tag","embeddable":true,"href":"https:\/\/jorgepsicologo.com\/jorgetienda\/wp-json\/wp\/v2\/product_tag?post=11543"}],"curies":[{"name":"wp","href":"https:\/\/api.w.org\/{rel}","templated":true}]}}