{"id":11537,"date":"2026-01-03T18:08:19","date_gmt":"2026-01-03T17:08:19","guid":{"rendered":"https:\/\/jorgepsicologo.com\/jorgetienda\/?post_type=product&#038;p=11537"},"modified":"2026-01-03T18:30:26","modified_gmt":"2026-01-03T17:30:26","slug":"terapia-familia","status":"publish","type":"product","link":"https:\/\/jorgepsicologo.com\/jorgetienda\/product\/terapia-familia\/","title":{"rendered":"Terapia de Familia"},"content":{"rendered":"","protected":false},"excerpt":{"rendered":"<p class=\"\">Ofrezco terapia de familia para mejorar la comunicaci\u00f3n y fortalecer los lazos entre padres e hijos. Con un enfoque contextual y basado en la Terapia de Aceptaci\u00f3n y Compromiso (ACT), trabajamos en la identificaci\u00f3n de valores familiares y estrategias para afrontar conflictos. La primera sesi\u00f3n est\u00e1 dedicada a conocer la din\u00e1mica familiar, definir objetivos y dise\u00f1ar un plan de intervenci\u00f3n personalizado. Me enfoco en crear un ambiente seguro y respetuoso donde cada miembro pueda expresarse y aprender nuevas formas de relaci\u00f3n.<\/p>\n<p class=\"\">Durante el proceso terap\u00e9utico, utilizamos t\u00e9cnicas de tercera generaci\u00f3n para ense\u00f1ar habilidades de aceptaci\u00f3n, mindfulness y compromiso. Juntos desarrollaremos herramientas para fomentar la cooperaci\u00f3n y la empat\u00eda, ayudando a cada miembro a superar problemas de conducta, emociones y desaf\u00edos de la vida cotidiana. La terapia de familia tambi\u00e9n ayuda a establecer l\u00edmites saludables y a comprender las necesidades de cada integrante, fortaleciendo la resiliencia y promoviendo relaciones m\u00e1s armoniosas.<\/p>\n","protected":false},"featured_media":11540,"comment_status":"closed","ping_status":"closed","template":"","meta":[],"product_brand":[],"product_cat":[37],"product_tag":[],"class_list":{"0":"post-11537","1":"product","2":"type-product","3":"status-publish","4":"has-post-thumbnail","6":"product_cat-servicios","8":"first","9":"instock","10":"shipping-taxable","11":"purchasable","12":"product-type-variable"},"_links":{"self":[{"href":"https:\/\/jorgepsicologo.com\/jorgetienda\/wp-json\/wp\/v2\/product\/11537","targetHints":{"allow":["GET"]}}],"collection":[{"href":"https:\/\/jorgepsicologo.com\/jorgetienda\/wp-json\/wp\/v2\/product"}],"about":[{"href":"https:\/\/jorgepsicologo.com\/jorgetienda\/wp-json\/wp\/v2\/types\/product"}],"replies":[{"embeddable":true,"href":"https:\/\/jorgepsicologo.com\/jorgetienda\/wp-json\/wp\/v2\/comments?post=11537"}],"version-history":[{"count":1,"href":"https:\/\/jorgepsicologo.com\/jorgetienda\/wp-json\/wp\/v2\/product\/11537\/revisions"}],"predecessor-version":[{"id":11541,"href":"https:\/\/jorgepsicologo.com\/jorgetienda\/wp-json\/wp\/v2\/product\/11537\/revisions\/11541"}],"wp:featuredmedia":[{"embeddable":true,"href":"https:\/\/jorgepsicologo.com\/jorgetienda\/wp-json\/wp\/v2\/media\/11540"}],"wp:attachment":[{"href":"https:\/\/jorgepsicologo.com\/jorgetienda\/wp-json\/wp\/v2\/media?parent=11537"}],"wp:term":[{"taxonomy":"product_brand","embeddable":true,"href":"https:\/\/jorgepsicologo.com\/jorgetienda\/wp-json\/wp\/v2\/product_brand?post=11537"},{"taxonomy":"product_cat","embeddable":true,"href":"https:\/\/jorgepsicologo.com\/jorgetienda\/wp-json\/wp\/v2\/product_cat?post=11537"},{"taxonomy":"product_tag","embeddable":true,"href":"https:\/\/jorgepsicologo.com\/jorgetienda\/wp-json\/wp\/v2\/product_tag?post=11537"}],"curies":[{"name":"wp","href":"https:\/\/api.w.org\/{rel}","templated":true}]}}