{"id":10,"date":"2025-12-16T00:12:03","date_gmt":"2025-12-15T23:12:03","guid":{"rendered":"https:\/\/jorgepsicologo.com\/jorgetienda\/cart\/"},"modified":"2025-12-16T17:42:06","modified_gmt":"2025-12-16T16:42:06","slug":"cart","status":"publish","type":"page","link":"https:\/\/jorgepsicologo.com\/jorgetienda\/cart\/","title":{"rendered":"Carrito"},"content":{"rendered":"\n<div data-block-name=\"woocommerce\/cart\" class=\"wp-block-woocommerce-cart alignwide is-loading\">\n<div data-block-name=\"woocommerce\/filled-cart-block\" class=\"wp-block-woocommerce-filled-cart-block\">\n<div data-block-name=\"woocommerce\/cart-items-block\" class=\"wp-block-woocommerce-cart-items-block\">\n<div data-block-name=\"woocommerce\/cart-line-items-block\" class=\"wp-block-woocommerce-cart-line-items-block\"><\/div>\n\n\n<\/div>\n\n\n\n\n<div data-block-name=\"woocommerce\/cart-totals-block\" class=\"wp-block-woocommerce-cart-totals-block\">\n<div data-block-name=\"woocommerce\/cart-order-summary-block\" class=\"wp-block-woocommerce-cart-order-summary-block\">\n<div data-block-name=\"woocommerce\/cart-order-summary-heading-block\" class=\"wp-block-woocommerce-cart-order-summary-heading-block\"><\/div><div data-block-name=\"woocommerce\/cart-order-summary-coupon-form-block\" class=\"wp-block-woocommerce-cart-order-summary-coupon-form-block\"><\/div><div data-block-name=\"woocommerce\/cart-order-summary-totals-block\" class=\"wp-block-woocommerce-cart-order-summary-totals-block\">\n<div data-block-name=\"woocommerce\/cart-order-summary-subtotal-block\" class=\"wp-block-woocommerce-cart-order-summary-subtotal-block\"><\/div>\n<div data-block-name=\"woocommerce\/cart-order-summary-discount-block\" class=\"wp-block-woocommerce-cart-order-summary-discount-block\"><\/div>\n<div data-block-name=\"woocommerce\/cart-order-summary-fee-block\" class=\"wp-block-woocommerce-cart-order-summary-fee-block\"><\/div>\n<div data-block-name=\"woocommerce\/cart-order-summary-shipping-block\" class=\"wp-block-woocommerce-cart-order-summary-shipping-block\"><\/div>\n<div data-block-name=\"woocommerce\/cart-order-summary-taxes-block\" class=\"wp-block-woocommerce-cart-order-summary-taxes-block\"><\/div><\/div>\n<\/div>\n\n\n\n<div data-block-name=\"woocommerce\/cart-express-payment-block\" class=\"wp-block-woocommerce-cart-express-payment-block\"><\/div>\n\n\n\n<div data-block-name=\"woocommerce\/proceed-to-checkout-block\" class=\"wp-block-woocommerce-proceed-to-checkout-block\"><\/div>\n\n\n\n<div data-block-name=\"woocommerce\/cart-accepted-payment-methods-block\" class=\"wp-block-woocommerce-cart-accepted-payment-methods-block\"><\/div>\n<\/div>\n<\/div>\n\n\n\n<div data-block-name=\"woocommerce\/empty-cart-block\" class=\"wp-block-woocommerce-empty-cart-block\">\n<h2 class=\"wp-block-heading has-text-align-center with-empty-cart-icon wc-block-cart__empty-cart__title\">Your cart is currently empty!<\/h2>\n\n\n\n<hr class=\"wp-block-separator has-alpha-channel-opacity is-style-dots\"\/>\n\n\n\n<h2 class=\"wp-block-heading has-text-align-center\">New in store<\/h2>\n\n\n<div data-block-name=\"woocommerce\/product-new\" data-columns=\"4\" data-rows=\"1\" class=\"wc-block-grid wp-block-product-new wp-block-woocommerce-product-new wc-block-product-new has-4-columns\"><ul class=\"wc-block-grid__products\"><li class=\"wc-block-grid__product\">\n\t\t\t\t<a href=\"https:\/\/jorgepsicologo.com\/jorgetienda\/product\/certificados-psi\/\" class=\"wc-block-grid__product-link\">\n\t\t\t\t\t\n\t\t\t\t\t<div class=\"wc-block-grid__product-image\"><img fetchpriority=\"high\" decoding=\"async\" width=\"370\" height=\"522\" src=\"https:\/\/jorgepsicologo.com\/jorgetienda\/wp-content\/uploads\/2026\/01\/vv2-370x522.jpg\" class=\"attachment-woocommerce_thumbnail size-woocommerce_thumbnail\" alt=\"Certificados Psicol\u00f3gicos Cl\u00ednico-Legales - Documentos Oficiales, \u00c9ticos y con respaldo profesional\" srcset=\"https:\/\/jorgepsicologo.com\/jorgetienda\/wp-content\/uploads\/2026\/01\/vv2-370x522.jpg 370w, https:\/\/jorgepsicologo.com\/jorgetienda\/wp-content\/uploads\/2026\/01\/vv2-212x300.jpg 212w, https:\/\/jorgepsicologo.com\/jorgetienda\/wp-content\/uploads\/2026\/01\/vv2-725x1024.jpg 725w, https:\/\/jorgepsicologo.com\/jorgetienda\/wp-content\/uploads\/2026\/01\/vv2-768x1084.jpg 768w, https:\/\/jorgepsicologo.com\/jorgetienda\/wp-content\/uploads\/2026\/01\/vv2-670x946.jpg 670w, https:\/\/jorgepsicologo.com\/jorgetienda\/wp-content\/uploads\/2026\/01\/vv2.jpg 772w\" sizes=\"(max-width: 370px) 100vw, 370px\" \/><\/div>\n\t\t\t\t\t<div class=\"wc-block-grid__product-title\">Certificados Psicol\u00f3gicos Cl\u00ednico-Legales &#8211; Documentos Oficiales, \u00c9ticos y con respaldo profesional<\/div>\n\t\t\t\t<\/a>\n\t\t\t\t<div class=\"wc-block-grid__product-price price\"><span class=\"woocommerce-Price-amount amount\" aria-hidden=\"true\"><span class=\"woocommerce-Price-currencySymbol\">S\/<\/span>349.00<\/span> <span aria-hidden=\"true\">&#8211;<\/span> <span class=\"woocommerce-Price-amount amount\" aria-hidden=\"true\"><span class=\"woocommerce-Price-currencySymbol\">S\/<\/span>400.00<\/span><span class=\"screen-reader-text\">Rango de precios: desde S\/349.00 hasta S\/400.00<\/span><\/div>\n\t\t\t\t\n\t\t\t\t<div class=\"wp-block-button wc-block-grid__product-add-to-cart\"><a href=\"https:\/\/jorgepsicologo.com\/jorgetienda\/product\/certificados-psi\/\" aria-label=\"Elige las opciones para &ldquo;Certificados Psicol\u00f3gicos Cl\u00ednico-Legales - Documentos Oficiales, \u00c9ticos y con respaldo profesional&rdquo;\" data-quantity=\"1\" data-product_id=\"11550\" data-product_sku=\"3PIKH7PA92-5-2-1-2-1\" data-price=\"349\" rel=\"nofollow\" class=\"wp-block-button__link  add_to_cart_button\">Seleccionar opciones<\/a><\/div>\n\t\t\t<\/li><li class=\"wc-block-grid__product\">\n\t\t\t\t<a href=\"https:\/\/jorgepsicologo.com\/jorgetienda\/product\/evaluacion\/\" class=\"wc-block-grid__product-link\">\n\t\t\t\t\t\n\t\t\t\t\t<div class=\"wc-block-grid__product-image\"><img decoding=\"async\" width=\"370\" height=\"522\" src=\"https:\/\/jorgepsicologo.com\/jorgetienda\/wp-content\/uploads\/2026\/01\/vv1-370x522.jpg\" class=\"attachment-woocommerce_thumbnail size-woocommerce_thumbnail\" alt=\"Evaluaci\u00f3n Psicol\u00f3gica e Informe Cl\u00ednico-Legal\" srcset=\"https:\/\/jorgepsicologo.com\/jorgetienda\/wp-content\/uploads\/2026\/01\/vv1-370x522.jpg 370w, https:\/\/jorgepsicologo.com\/jorgetienda\/wp-content\/uploads\/2026\/01\/vv1-212x300.jpg 212w, https:\/\/jorgepsicologo.com\/jorgetienda\/wp-content\/uploads\/2026\/01\/vv1-725x1024.jpg 725w, https:\/\/jorgepsicologo.com\/jorgetienda\/wp-content\/uploads\/2026\/01\/vv1-768x1084.jpg 768w, https:\/\/jorgepsicologo.com\/jorgetienda\/wp-content\/uploads\/2026\/01\/vv1-670x946.jpg 670w, https:\/\/jorgepsicologo.com\/jorgetienda\/wp-content\/uploads\/2026\/01\/vv1.jpg 772w\" sizes=\"(max-width: 370px) 100vw, 370px\" \/><\/div>\n\t\t\t\t\t<div class=\"wc-block-grid__product-title\">Evaluaci\u00f3n Psicol\u00f3gica e Informe Cl\u00ednico-Legal<\/div>\n\t\t\t\t<\/a>\n\t\t\t\t<div class=\"wc-block-grid__product-price price\"><span class=\"woocommerce-Price-amount amount\" aria-hidden=\"true\"><span class=\"woocommerce-Price-currencySymbol\">S\/<\/span>549.00<\/span> <span aria-hidden=\"true\">&#8211;<\/span> <span class=\"woocommerce-Price-amount amount\" aria-hidden=\"true\"><span class=\"woocommerce-Price-currencySymbol\">S\/<\/span>600.00<\/span><span class=\"screen-reader-text\">Rango de precios: desde S\/549.00 hasta S\/600.00<\/span><\/div>\n\t\t\t\t\n\t\t\t\t<div class=\"wp-block-button wc-block-grid__product-add-to-cart\"><a href=\"https:\/\/jorgepsicologo.com\/jorgetienda\/product\/evaluacion\/\" aria-label=\"Elige las opciones para &ldquo;Evaluaci\u00f3n Psicol\u00f3gica e Informe Cl\u00ednico-Legal&rdquo;\" data-quantity=\"1\" data-product_id=\"11543\" data-product_sku=\"3PIKH7PA92-5-2-1-2\" data-price=\"549\" rel=\"nofollow\" class=\"wp-block-button__link  add_to_cart_button\">Seleccionar opciones<\/a><\/div>\n\t\t\t<\/li><li class=\"wc-block-grid__product\">\n\t\t\t\t<a href=\"https:\/\/jorgepsicologo.com\/jorgetienda\/product\/terapia-familia\/\" class=\"wc-block-grid__product-link\">\n\t\t\t\t\t\n\t\t\t\t\t<div class=\"wc-block-grid__product-image\"><img decoding=\"async\" width=\"370\" height=\"522\" src=\"https:\/\/jorgepsicologo.com\/jorgetienda\/wp-content\/uploads\/2026\/01\/fam-370x522.jpg\" class=\"attachment-woocommerce_thumbnail size-woocommerce_thumbnail\" alt=\"Terapia de Familia\" srcset=\"https:\/\/jorgepsicologo.com\/jorgetienda\/wp-content\/uploads\/2026\/01\/fam-370x522.jpg 370w, https:\/\/jorgepsicologo.com\/jorgetienda\/wp-content\/uploads\/2026\/01\/fam-212x300.jpg 212w, https:\/\/jorgepsicologo.com\/jorgetienda\/wp-content\/uploads\/2026\/01\/fam-725x1024.jpg 725w, https:\/\/jorgepsicologo.com\/jorgetienda\/wp-content\/uploads\/2026\/01\/fam-768x1084.jpg 768w, https:\/\/jorgepsicologo.com\/jorgetienda\/wp-content\/uploads\/2026\/01\/fam-670x946.jpg 670w, https:\/\/jorgepsicologo.com\/jorgetienda\/wp-content\/uploads\/2026\/01\/fam.jpg 772w\" sizes=\"(max-width: 370px) 100vw, 370px\" \/><\/div>\n\t\t\t\t\t<div class=\"wc-block-grid__product-title\">Terapia de Familia<\/div>\n\t\t\t\t<\/a>\n\t\t\t\t<div class=\"wc-block-grid__product-price price\"><span class=\"woocommerce-Price-amount amount\" aria-hidden=\"true\"><span class=\"woocommerce-Price-currencySymbol\">S\/<\/span>230.00<\/span> <span aria-hidden=\"true\">&#8211;<\/span> <span class=\"woocommerce-Price-amount amount\" aria-hidden=\"true\"><span class=\"woocommerce-Price-currencySymbol\">S\/<\/span>250.00<\/span><span class=\"screen-reader-text\">Rango de precios: desde S\/230.00 hasta S\/250.00<\/span><\/div>\n\t\t\t\t\n\t\t\t\t<div class=\"wp-block-button wc-block-grid__product-add-to-cart\"><a href=\"https:\/\/jorgepsicologo.com\/jorgetienda\/product\/terapia-familia\/\" aria-label=\"Elige las opciones para &ldquo;Terapia de Familia&rdquo;\" data-quantity=\"1\" data-product_id=\"11537\" data-product_sku=\"3PIKH7PA92-5-2-1-1-2\" data-price=\"230\" rel=\"nofollow\" class=\"wp-block-button__link  add_to_cart_button\">Seleccionar opciones<\/a><\/div>\n\t\t\t<\/li><li class=\"wc-block-grid__product\">\n\t\t\t\t<a href=\"https:\/\/jorgepsicologo.com\/jorgetienda\/product\/psicoterapia-pareja\/\" class=\"wc-block-grid__product-link\">\n\t\t\t\t\t\n\t\t\t\t\t<div class=\"wc-block-grid__product-image\"><img loading=\"lazy\" decoding=\"async\" width=\"370\" height=\"522\" src=\"https:\/\/jorgepsicologo.com\/jorgetienda\/wp-content\/uploads\/2026\/01\/pareja-370x522.jpg\" class=\"attachment-woocommerce_thumbnail size-woocommerce_thumbnail\" alt=\"Psicoterapia de Pareja\" srcset=\"https:\/\/jorgepsicologo.com\/jorgetienda\/wp-content\/uploads\/2026\/01\/pareja-370x522.jpg 370w, https:\/\/jorgepsicologo.com\/jorgetienda\/wp-content\/uploads\/2026\/01\/pareja-212x300.jpg 212w, https:\/\/jorgepsicologo.com\/jorgetienda\/wp-content\/uploads\/2026\/01\/pareja-725x1024.jpg 725w, https:\/\/jorgepsicologo.com\/jorgetienda\/wp-content\/uploads\/2026\/01\/pareja-768x1084.jpg 768w, https:\/\/jorgepsicologo.com\/jorgetienda\/wp-content\/uploads\/2026\/01\/pareja-670x946.jpg 670w, https:\/\/jorgepsicologo.com\/jorgetienda\/wp-content\/uploads\/2026\/01\/pareja.jpg 772w\" sizes=\"(max-width: 370px) 100vw, 370px\" \/><\/div>\n\t\t\t\t\t<div class=\"wc-block-grid__product-title\">Psicoterapia de Pareja<\/div>\n\t\t\t\t<\/a>\n\t\t\t\t<div class=\"wc-block-grid__product-price price\"><span class=\"woocommerce-Price-amount amount\" aria-hidden=\"true\"><span class=\"woocommerce-Price-currencySymbol\">S\/<\/span>180.00<\/span> <span aria-hidden=\"true\">&#8211;<\/span> <span class=\"woocommerce-Price-amount amount\" aria-hidden=\"true\"><span class=\"woocommerce-Price-currencySymbol\">S\/<\/span>200.00<\/span><span class=\"screen-reader-text\">Rango de precios: desde S\/180.00 hasta S\/200.00<\/span><\/div>\n\t\t\t\t\n\t\t\t\t<div class=\"wp-block-button wc-block-grid__product-add-to-cart\"><a href=\"https:\/\/jorgepsicologo.com\/jorgetienda\/product\/psicoterapia-pareja\/\" aria-label=\"Elige las opciones para &ldquo;Psicoterapia de Pareja&rdquo;\" data-quantity=\"1\" data-product_id=\"11530\" data-product_sku=\"3PIKH7PA92-5-2-1-1\" data-price=\"180\" rel=\"nofollow\" class=\"wp-block-button__link  add_to_cart_button\">Seleccionar opciones<\/a><\/div>\n\t\t\t<\/li><\/ul><\/div><\/div>\n<\/div>\n","protected":false},"excerpt":{"rendered":"","protected":false},"author":1,"featured_media":0,"parent":0,"menu_order":0,"comment_status":"closed","ping_status":"closed","template":"","meta":{"footnotes":""},"class_list":["post-10","page","type-page","status-publish","hentry"],"_links":{"self":[{"href":"https:\/\/jorgepsicologo.com\/jorgetienda\/wp-json\/wp\/v2\/pages\/10","targetHints":{"allow":["GET"]}}],"collection":[{"href":"https:\/\/jorgepsicologo.com\/jorgetienda\/wp-json\/wp\/v2\/pages"}],"about":[{"href":"https:\/\/jorgepsicologo.com\/jorgetienda\/wp-json\/wp\/v2\/types\/page"}],"author":[{"embeddable":true,"href":"https:\/\/jorgepsicologo.com\/jorgetienda\/wp-json\/wp\/v2\/users\/1"}],"replies":[{"embeddable":true,"href":"https:\/\/jorgepsicologo.com\/jorgetienda\/wp-json\/wp\/v2\/comments?post=10"}],"version-history":[{"count":2,"href":"https:\/\/jorgepsicologo.com\/jorgetienda\/wp-json\/wp\/v2\/pages\/10\/revisions"}],"predecessor-version":[{"id":11476,"href":"https:\/\/jorgepsicologo.com\/jorgetienda\/wp-json\/wp\/v2\/pages\/10\/revisions\/11476"}],"wp:attachment":[{"href":"https:\/\/jorgepsicologo.com\/jorgetienda\/wp-json\/wp\/v2\/media?parent=10"}],"curies":[{"name":"wp","href":"https:\/\/api.w.org\/{rel}","templated":true}]}}